{"id":3158,"date":"2017-05-25T08:35:25","date_gmt":"2017-05-25T07:35:25","guid":{"rendered":"https:\/\/www.eguia.beer\/birra-artigianale-dalle-dolomiti\/"},"modified":"2025-08-15T12:51:54","modified_gmt":"2025-08-15T11:51:54","slug":"birra-artigianale-dalle-dolomiti","status":"publish","type":"page","link":"https:\/\/www.eguia.beer\/it\/","title":{"rendered":"Home"},"content":{"rendered":"<p><section data-bb-version=\"4.7.6\" id=\"bt_bb_section69f8ac166c13b\" class=\"bt_bb_section bt_bb_color_scheme_1 bt_bb_layout_boxed_1200 bt_bb_vertical_align_top bt_bb_background_video_yt bt_bb_top_spacing_large bt_bb_bottom_spacing_large\" style=\"; --section-primary-color:#ffffff; --section-secondary-color:#191919;\" data-bt-override-class=\"{&quot;bt_bb_top_spacing_&quot;:{&quot;current_class&quot;:&quot;bt_bb_top_spacing_large&quot;,&quot;def&quot;:&quot;large&quot;},&quot;bt_bb_bottom_spacing_&quot;:{&quot;current_class&quot;:&quot;bt_bb_bottom_spacing_large&quot;,&quot;def&quot;:&quot;large&quot;}}\"><div class=\"bt_bb_background_video_yt_inner\"  data-property=\"{videoURL:'https:\/\/www.youtube.com\/watch?v=ytCyUUXKxFo',containment:'#bt_bb_section69f8ac166c13b',showControls:false,showYTLogo:false,startAt:0,loop:true,mute:true,stopMovieOnBlur:false,opacity:1,useOnMobile:false,useNoCookie:false}\" ><\/div><div class=\"bt_bb_port\"><div class=\"bt_bb_cell\"><div class=\"bt_bb_cell_inner\"><div class=\"bt_bb_row \"  data-bt-override-class=\"{}\"><div class=\"bt_bb_row_holder\" ><div  class=\"bt_bb_column col-xxl-12 col-xl-12 bt_bb_vertical_align_top bt_bb_align_center bt_bb_padding_normal\" style=\"; --column-width:12;\" data-width=\"12\" data-bt-override-class=\"{}\"><div class=\"bt_bb_column_content\"><div class=\"bt_bb_column_content_inner\"><div class=\"bt_bb_separator bt_bb_border_style_none bt_bb_top_spacing_medium\" data-bt-override-class=\"null\"><\/div><div class=\"bt_bb_image bt_bb_shape_square bt_bb_target_self bt_bb_align_inherit bt_bb_hover_style_simple bt_bb_content_display_always\" data-bt-override-class=\"{}\"><span><img fetchpriority=\"high\" decoding=\"async\" width=\"530\" height=\"510\" src=\"https:\/\/www.eguia.beer\/wp-content\/uploads\/2024\/01\/Logo-neu-3.png\" class=\"attachment-full size-full\" alt=\"https:\/\/www.eguia.beer\/wp-content\/uploads\/2024\/01\/Logo-neu-3.png\" data-full_image_src=\"https:\/\/www.eguia.beer\/wp-content\/uploads\/2024\/01\/Logo-neu-3.png\" title=\"Logo-neu\" loading=\"eager\" srcset=\"https:\/\/www.eguia.beer\/wp-content\/uploads\/2024\/01\/Logo-neu-3.png 530w, https:\/\/www.eguia.beer\/wp-content\/uploads\/2024\/01\/Logo-neu-3-320x308.png 320w\" sizes=\"(max-width: 530px) 100vw, 530px\" \/><\/span><\/div><header class=\"bt_bb_headline bt_bb_dash_none bt_bb_size_large bt_bb_align_inherit\" style=\"margin-top: -4em;\" data-bt-override-class=\"{}\"><h1 class=\"bt_bb_headline_tag\"><span class=\"bt_bb_headline_content\"><span>Eleva il tuo gusto: Dolomiti Artigianali, Eccellenza Artigianale.<\/p><br \/>\n<p><\/span><\/span><\/h1><\/header><div class=\"bt_bb_separator bt_bb_border_style_none bt_bb_bottom_spacing_medium\" data-bt-override-class=\"null\"><\/div><div class=\"bt_bb_button bt_bb_color_scheme_4 bt_bb_icon_position_left bt_bb_style_outline bt_bb_size_large bt_bb_width_inline bt_bb_shape_inherit bt_bb_target_self bt_bb_align_inherit\" style=\"; --primary-color:#f28f16; --secondary-color:#ffffff;\" data-bt-override-class=\"{}\"><a href=\"su di noi\" target=\"_self\" class=\"bt_bb_link\" title=\"VEDI DI PI\u00d9\"><span class=\"bt_bb_button_text\" >VEDI DI PI\u00d9<\/span><\/a><\/div><\/div><\/div><\/div><\/div><\/div><\/div><!-- cell_inner --><\/div><!-- cell --><\/div><!-- port --><\/section><section id=\"bt_bb_section69f8ac166ca6a\" class=\"bt_bb_section bt_bb_color_scheme_1 bt_bb_layout_boxed_1200 bt_bb_vertical_align_top bt_bb_top_spacing_large bt_bb_bottom_spacing_large\" style=\"; --section-primary-color:#ffffff; --section-secondary-color:#191919;\" data-bt-override-class=\"null\"><div class=\"bt_bb_port\"><div class=\"bt_bb_cell\"><div class=\"bt_bb_cell_inner\"><div class=\"bt_bb_row \"  data-bt-override-class=\"{}\"><div class=\"bt_bb_row_holder\" ><div  class=\"bt_bb_column col-xxl-3 col-xl-3 bt_bb_vertical_align_top bt_bb_align_center bt_bb_padding_normal\" style=\"; --column-width:3;\" data-width=\"3\" data-bt-override-class=\"{}\"><div class=\"bt_bb_column_content\"><div class=\"bt_bb_column_content_inner\"><\/div><\/div><\/div><div  class=\"bt_bb_column col-xxl-6 col-xl-6 bt_bb_vertical_align_top bt_bb_align_center bt_bb_padding_normal bt_bb_animation_fade_in animate\" style=\"; --column-width:6;\" data-width=\"6\" data-bt-override-class=\"{}\"><div class=\"bt_bb_column_content\"><div class=\"bt_bb_column_content_inner\"><header class=\"bt_bb_headline bt_bb_color_scheme_4 bt_bb_dash_none bt_bb_subheadline bt_bb_size_normal bt_bb_align_inherit\" style=\"; --primary-color:#f28f16; --secondary-color:#ffffff;\" data-bt-override-class=\"{}\"><h2 class=\"bt_bb_headline_tag\"><span class=\"bt_bb_headline_content\"><span>BEVIAMO QUALCOSA<\/span><\/span><\/h2><div class=\"bt_bb_headline_subheadline\">La produzione di birra \u00e8 la nostra vita, la birra \u00e8 la nostra acqua, quindi non perdere tempo a bere qualsiasi altra cosa.<\/div><\/header><div class=\"bt_bb_separator bt_bb_border_style_none bt_bb_top_spacing_medium\" data-bt-override-class=\"null\"><\/div><div data-bb-version=\"4.7.6\"  class=\"bt_bb_text\" ><\/p>\n<p>Benvenuto nel nostro birrificio artigianale immerso nelle Dolomiti mozzafiato. Siamo appassionati di birre eccezionali che riflettono il carattere unico di questa maestosa catena montuosa.<\/p>\n<p>Utilizzando solo gli ingredienti pi\u00f9 pregiati, reperiti localmente quando possibile, i nostri abili mastri birrai combinano tecniche di produzione tradizionali con sapori innovativi per creare una gamma di birre distintive e memorabili.<\/p>\n<p>Nel nostro birrificio diamo priorit\u00e0 alla sostenibilit\u00e0 e cerchiamo di ridurre al minimo il nostro impatto ambientale. Ogni fase del nostro processo di produzione della birra \u00e8 attentamente valutata, dall\u2019approvvigionamento degli ingredienti al consumo di energia durante la produzione.<\/p>\n<p>Immergiti nella bellezza delle Dolomiti mentre assaggi le nostre birre artigianali nella nostra accogliente sala di degustazione o nella birreria all\u2019aperto. Ammira le viste panoramiche mentre assapori i sapori e gli aromi che sono stati accuratamente sviluppati per mostrare l\u2019essenza dei nostri dintorni.<\/p>\n<p>Che tu sia un appassionato di birra o semplicemente alla ricerca di un\u2019esperienza unica nelle Dolomiti, il nostro birrificio artigianale \u00e8 il luogo perfetto per appagare i tuoi sensi e apprezzare l\u2019arte della birra artigianale. Unisciti a noi e scopri un assaggio delle Dolomiti!<\/p>\n<p>\n<\/div><\/div><\/div><\/div><div  class=\"bt_bb_column col-xxl-3 col-xl-3 bt_bb_vertical_align_top bt_bb_align_center bt_bb_padding_normal\" style=\"; --column-width:3;\" data-width=\"3\" data-bt-override-class=\"{}\"><div class=\"bt_bb_column_content\"><div class=\"bt_bb_column_content_inner\"><\/div><\/div><\/div><\/div><\/div><\/div><!-- cell_inner --><\/div><!-- cell --><\/div><!-- port --><\/section><section data-bb-version=\"5.4.3\" id=\"bt_bb_section69f8ac166d075\" class=\"bt_bb_section bt_bb_color_scheme_1 bt_bb_layout_boxed_1200 bt_bb_vertical_align_top bt_bb_top_spacing_large bt_bb_bottom_spacing_large\" style=\"; --section-primary-color:#ffffff; --section-secondary-color:#191919;\" data-bt-override-class=\"null\"><div class=\"bt_bb_background_image_holder_wrapper\"><div class=\"bt_bb_background_image_holder\"  data-parallax-zoom-start=\"1\" data-parallax-zoom-end=\"1\" data-parallax-blur-start=\"0\" data-parallax-blur-end=\"0\" data-parallax-opacity-start=\"1\" data-parallax-opacity-end=\"1\" style=\" background-image:url(&#039;https:\/\/www.eguia.beer\/wp-content\/uploads\/2017\/05\/hero_inner_beer_06.webp&#039;);\"><\/div><\/div><div class=\"bt_bb_port\"><div class=\"bt_bb_cell\"><div class=\"bt_bb_cell_inner\"><div class=\"bt_bb_row \"  data-bt-override-class=\"{}\"><div class=\"bt_bb_row_holder\" ><div  class=\"bt_bb_column col-xxl-3 col-xl-3 bt_bb_vertical_align_top bt_bb_align_left bt_bb_padding_normal\" style=\"; --column-width:3;\" data-width=\"3\" data-bt-override-class=\"{}\"><div class=\"bt_bb_column_content\"><div class=\"bt_bb_column_content_inner\"><\/div><\/div><\/div><div  class=\"bt_bb_column col-xxl-3 col-xl-3 bt_bb_vertical_align_middle bt_bb_align_right bt_bb_padding_normal bt_bb_animation_fade_in animate\" style=\"; --column-width:3;\" data-width=\"3\" data-bt-override-class=\"{}\"><div class=\"bt_bb_column_content\"><div class=\"bt_bb_column_content_inner\"><header data-bb-version=\"5.4.3\" class=\"bt_bb_headline bt_bb_subheadline_text_transform_default bt_bb_color_scheme_1 bt_bb_dash_none bt_bb_superheadline bt_bb_size_normal bt_bb_align_inherit\" style=\"; --primary-color:#ffffff; --secondary-color:#191919;\" data-bt-override-class=\"{&quot;bt_bb_size_&quot;:{&quot;current_class&quot;:&quot;bt_bb_size_normal&quot;,&quot;def&quot;:&quot;normal&quot;},&quot;bt_bb_align_&quot;:{&quot;current_class&quot;:&quot;bt_bb_align_inherit&quot;,&quot;def&quot;:&quot;inherit&quot;}}\"><h2 class=\"bt_bb_headline_tag\"><span class=\"bt_bb_headline_superheadline\">Creazioni di birra artigianale appassionate<\/span><span class=\"bt_bb_headline_content\"><span>Trova la tua mitica Birra<\/span><\/span><\/h2><\/header><div class=\"bt_bb_separator bt_bb_border_style_none bt_bb_top_spacing_medium\" data-bt-override-class=\"null\"><\/div><div class=\"bt_bb_button bt_bb_color_scheme_3 bt_bb_icon_position_left bt_bb_style_outline bt_bb_size_normal bt_bb_width_inline bt_bb_shape_inherit bt_bb_target_self bt_bb_align_inherit\" style=\"; --primary-color:#f28f16; --secondary-color:#191919;\" data-bt-override-class=\"{}\"><a href=\"https:\/\/eguia.beer\/shop\/\" target=\"_self\" class=\"bt_bb_link\" title=\"VEDI DI PI\u00d9\"><span class=\"bt_bb_button_text\" >VEDI DI PI\u00d9<\/span><\/a><\/div><div class=\"bt_bb_separator bt_bb_border_style_none bt_bb_bottom_spacing_medium\" data-bt-override-class=\"null\"><\/div><\/div><\/div><\/div><div  class=\"bt_bb_column col-xxl-3 col-xl-3 bt_bb_vertical_align_top bt_bb_align_left bt_bb_padding_double bt_bb_animation_fade_in animate\" style=\"; --column-width:3;\" data-width=\"3\" data-bt-override-class=\"{}\"><div class=\"bt_bb_column_content\"><div class=\"bt_bb_column_content_inner\"><\/div><\/div><\/div><div  class=\"bt_bb_column col-xxl-3 col-xl-3 bt_bb_vertical_align_top bt_bb_align_left bt_bb_padding_normal\" style=\"; --column-width:3;\" data-width=\"3\" data-bt-override-class=\"{}\"><div class=\"bt_bb_column_content\"><div class=\"bt_bb_column_content_inner\"><\/div><\/div><\/div><\/div><\/div><\/div><!-- cell_inner --><\/div><!-- cell --><\/div><!-- port --><\/section><\/p>\n","protected":false},"excerpt":{"rendered":"","protected":false},"author":2,"featured_media":0,"parent":0,"menu_order":0,"comment_status":"closed","ping_status":"closed","template":"","meta":{"jetpack_post_was_ever_published":true,"footnotes":""},"class_list":["post-3158","page","type-page","status-publish","hentry"],"jetpack_sharing_enabled":true,"_links":{"self":[{"href":"https:\/\/www.eguia.beer\/it\/wp-json\/wp\/v2\/pages\/3158","targetHints":{"allow":["GET"]}}],"collection":[{"href":"https:\/\/www.eguia.beer\/it\/wp-json\/wp\/v2\/pages"}],"about":[{"href":"https:\/\/www.eguia.beer\/it\/wp-json\/wp\/v2\/types\/page"}],"author":[{"embeddable":true,"href":"https:\/\/www.eguia.beer\/it\/wp-json\/wp\/v2\/users\/2"}],"replies":[{"embeddable":true,"href":"https:\/\/www.eguia.beer\/it\/wp-json\/wp\/v2\/comments?post=3158"}],"version-history":[{"count":5,"href":"https:\/\/www.eguia.beer\/it\/wp-json\/wp\/v2\/pages\/3158\/revisions"}],"predecessor-version":[{"id":4946,"href":"https:\/\/www.eguia.beer\/it\/wp-json\/wp\/v2\/pages\/3158\/revisions\/4946"}],"wp:attachment":[{"href":"https:\/\/www.eguia.beer\/it\/wp-json\/wp\/v2\/media?parent=3158"}],"curies":[{"name":"wp","href":"https:\/\/api.w.org\/{rel}","templated":true}]}}