{"id":3151,"date":"2024-03-15T11:31:03","date_gmt":"2024-03-15T10:31:03","guid":{"rendered":"https:\/\/www.eguia.beer\/product\/golden-dolomiti-vienna-lager-33cl\/"},"modified":"2025-08-07T17:34:16","modified_gmt":"2025-08-07T16:34:16","slug":"golden-dolomiti-vienna-lager-33cl","status":"publish","type":"product","link":"https:\/\/www.eguia.beer\/de\/produkt\/golden-dolomiti-vienna-lager-33cl\/","title":{"rendered":"Golden Dolomiti Vienna Lager 33cl"},"content":{"rendered":"<p>Lagerbier nach klassischer Wiener Art, wenn auch bitter und mit lokal angebauten Hopfenbl\u00fcten. Angenehmes Bier mit ausgepr\u00e4gter Malznote und ausgewogener Bitterkeit, die das Bier harmonisch am Gaumen abrundet. Sehr geeignet f\u00fcr den Verzehr und f\u00fcr alle, die ein bisschen mehr Geschmack in der Birne haben wollen.<\/p>\n","protected":false},"excerpt":{"rendered":"<p>Golden Dolomiti Vienna Lager 33cl<\/p>\n","protected":false},"featured_media":3006,"comment_status":"open","ping_status":"closed","template":"","meta":{"jetpack_post_was_ever_published":true,"jetpack_publicize_message":"","jetpack_publicize_feature_enabled":true,"jetpack_social_post_already_shared":true,"jetpack_social_options":{"image_generator_settings":{"template":"highway","default_image_id":0,"font":"","enabled":false},"version":2}},"product_brand":[],"product_cat":[94,56,98,101],"product_tag":[],"class_list":{"0":"post-3151","1":"product","2":"type-product","3":"status-publish","4":"has-post-thumbnail","6":"product_cat-amara-de","7":"product_cat-bier","8":"product_cat-bitter-2","9":"product_cat-golden-3","11":"first","12":"instock","13":"taxable","14":"shipping-taxable","15":"purchasable","16":"product-type-simple"},"jetpack_publicize_connections":[],"jetpack_sharing_enabled":true,"_links":{"self":[{"href":"https:\/\/www.eguia.beer\/de\/wp-json\/wp\/v2\/product\/3151","targetHints":{"allow":["GET"]}}],"collection":[{"href":"https:\/\/www.eguia.beer\/de\/wp-json\/wp\/v2\/product"}],"about":[{"href":"https:\/\/www.eguia.beer\/de\/wp-json\/wp\/v2\/types\/product"}],"replies":[{"embeddable":true,"href":"https:\/\/www.eguia.beer\/de\/wp-json\/wp\/v2\/comments?post=3151"}],"wp:featuredmedia":[{"embeddable":true,"href":"https:\/\/www.eguia.beer\/de\/wp-json\/wp\/v2\/media\/3006"}],"wp:attachment":[{"href":"https:\/\/www.eguia.beer\/de\/wp-json\/wp\/v2\/media?parent=3151"}],"wp:term":[{"taxonomy":"product_brand","embeddable":true,"href":"https:\/\/www.eguia.beer\/de\/wp-json\/wp\/v2\/product_brand?post=3151"},{"taxonomy":"product_cat","embeddable":true,"href":"https:\/\/www.eguia.beer\/de\/wp-json\/wp\/v2\/product_cat?post=3151"},{"taxonomy":"product_tag","embeddable":true,"href":"https:\/\/www.eguia.beer\/de\/wp-json\/wp\/v2\/product_tag?post=3151"}],"curies":[{"name":"wp","href":"https:\/\/api.w.org\/{rel}","templated":true}]}}