{"id":3115,"date":"2024-03-15T17:13:57","date_gmt":"2024-03-15T16:13:57","guid":{"rendered":"https:\/\/www.eguia.beer\/product\/leuf-imperial-ipa-33cl\/"},"modified":"2025-08-07T17:01:27","modified_gmt":"2025-08-07T16:01:27","slug":"leuf-imperial-ipa-33cl","status":"publish","type":"product","link":"https:\/\/www.eguia.beer\/de\/produkt\/leuf-imperial-ipa-33cl\/","title":{"rendered":"L\u00ebuf Imperial IPA 33cl"},"content":{"rendered":"<p>Kr\u00e4ftiges Imperial IPA, mit einem starken Hopfenaroma und einer betonten Bitterkeit, aber ohne zu \u00fcbertreiben. Der Geschmack ist eine komplexe Mischung aus malziger S\u00fc\u00dfe und fruchtigen Hopfennoten, die sich in einem lang anhaltenden Abgang widerspiegelt. Dieses Bier ist ideal f\u00fcr Genie\u00dfer, die ein ausgewogenes, aber starkes Geschmackserlebnis suchen.<\/p>\n","protected":false},"excerpt":{"rendered":"<p>L\u00ebuf Imperial IPA 33cl<\/p>\n","protected":false},"featured_media":3026,"comment_status":"open","ping_status":"closed","template":"","meta":{"jetpack_post_was_ever_published":false,"jetpack_publicize_message":"","jetpack_publicize_feature_enabled":true,"jetpack_social_post_already_shared":true,"jetpack_social_options":{"image_generator_settings":{"template":"highway","default_image_id":0,"font":"","enabled":false},"version":2}},"product_brand":[],"product_cat":[94,56],"product_tag":[],"class_list":{"0":"post-3115","1":"product","2":"type-product","3":"status-publish","4":"has-post-thumbnail","6":"product_cat-amara-de","7":"product_cat-bier","9":"first","10":"instock","11":"taxable","12":"shipping-taxable","13":"purchasable","14":"product-type-simple"},"jetpack_publicize_connections":[],"jetpack_sharing_enabled":true,"_links":{"self":[{"href":"https:\/\/www.eguia.beer\/de\/wp-json\/wp\/v2\/product\/3115","targetHints":{"allow":["GET"]}}],"collection":[{"href":"https:\/\/www.eguia.beer\/de\/wp-json\/wp\/v2\/product"}],"about":[{"href":"https:\/\/www.eguia.beer\/de\/wp-json\/wp\/v2\/types\/product"}],"replies":[{"embeddable":true,"href":"https:\/\/www.eguia.beer\/de\/wp-json\/wp\/v2\/comments?post=3115"}],"wp:featuredmedia":[{"embeddable":true,"href":"https:\/\/www.eguia.beer\/de\/wp-json\/wp\/v2\/media\/3026"}],"wp:attachment":[{"href":"https:\/\/www.eguia.beer\/de\/wp-json\/wp\/v2\/media?parent=3115"}],"wp:term":[{"taxonomy":"product_brand","embeddable":true,"href":"https:\/\/www.eguia.beer\/de\/wp-json\/wp\/v2\/product_brand?post=3115"},{"taxonomy":"product_cat","embeddable":true,"href":"https:\/\/www.eguia.beer\/de\/wp-json\/wp\/v2\/product_cat?post=3115"},{"taxonomy":"product_tag","embeddable":true,"href":"https:\/\/www.eguia.beer\/de\/wp-json\/wp\/v2\/product_tag?post=3115"}],"curies":[{"name":"wp","href":"https:\/\/api.w.org\/{rel}","templated":true}]}}