{"id":3109,"date":"2024-05-06T11:15:11","date_gmt":"2024-05-06T10:15:11","guid":{"rendered":"https:\/\/www.eguia.beer\/product\/selin-lineusa-helles-weissbier-50cl\/"},"modified":"2024-05-06T11:15:11","modified_gmt":"2024-05-06T10:15:11","slug":"selin-lineusa-helles-weissbier-50cl","status":"publish","type":"product","link":"https:\/\/www.eguia.beer\/de\/produkt\/selin-lineusa-helles-weissbier-50cl\/","title":{"rendered":"Selin Lin\u00ebusa Helles Wei\u00dfbier 50cl"},"content":{"rendered":"<p>Traditionelles Wei\u00dfbier nach bayerischer Art, fruchtig und w\u00fcrzig mit einem Hauch von Banane, weniger kohlens\u00e4urehaltig als andere \u00e4hnliche Biere.<\/p>\n","protected":false},"excerpt":{"rendered":"<p>Selin Lin\u00ebusa Helles Wei\u00dfbier 50cl<\/p>\n","protected":false},"featured_media":3050,"comment_status":"open","ping_status":"closed","template":"","meta":{"jetpack_post_was_ever_published":false,"jetpack_publicize_message":"","jetpack_publicize_feature_enabled":true,"jetpack_social_post_already_shared":true,"jetpack_social_options":{"image_generator_settings":{"template":"highway","default_image_id":0,"font":"","enabled":false},"version":2}},"product_brand":[],"product_cat":[56],"product_tag":[],"class_list":{"0":"post-3109","1":"product","2":"type-product","3":"status-publish","4":"has-post-thumbnail","6":"product_cat-bier","8":"first","9":"instock","10":"taxable","11":"shipping-taxable","12":"purchasable","13":"product-type-simple"},"jetpack_publicize_connections":[],"jetpack_sharing_enabled":true,"_links":{"self":[{"href":"https:\/\/www.eguia.beer\/de\/wp-json\/wp\/v2\/product\/3109","targetHints":{"allow":["GET"]}}],"collection":[{"href":"https:\/\/www.eguia.beer\/de\/wp-json\/wp\/v2\/product"}],"about":[{"href":"https:\/\/www.eguia.beer\/de\/wp-json\/wp\/v2\/types\/product"}],"replies":[{"embeddable":true,"href":"https:\/\/www.eguia.beer\/de\/wp-json\/wp\/v2\/comments?post=3109"}],"wp:featuredmedia":[{"embeddable":true,"href":"https:\/\/www.eguia.beer\/de\/wp-json\/wp\/v2\/media\/3050"}],"wp:attachment":[{"href":"https:\/\/www.eguia.beer\/de\/wp-json\/wp\/v2\/media?parent=3109"}],"wp:term":[{"taxonomy":"product_brand","embeddable":true,"href":"https:\/\/www.eguia.beer\/de\/wp-json\/wp\/v2\/product_brand?post=3109"},{"taxonomy":"product_cat","embeddable":true,"href":"https:\/\/www.eguia.beer\/de\/wp-json\/wp\/v2\/product_cat?post=3109"},{"taxonomy":"product_tag","embeddable":true,"href":"https:\/\/www.eguia.beer\/de\/wp-json\/wp\/v2\/product_tag?post=3109"}],"curies":[{"name":"wp","href":"https:\/\/api.w.org\/{rel}","templated":true}]}}