{"id":3106,"date":"2025-07-26T09:20:02","date_gmt":"2025-07-26T08:20:02","guid":{"rendered":"https:\/\/www.eguia.beer\/product\/geraeucherte-sfumieda-33cl\/"},"modified":"2025-07-26T09:20:02","modified_gmt":"2025-07-26T08:20:02","slug":"geraeucherte-sfumieda-33cl","status":"publish","type":"product","link":"https:\/\/www.eguia.beer\/de\/produkt\/geraeucherte-sfumieda-33cl\/","title":{"rendered":"Ger\u00e4ucherte Sfumieda 33cl"},"content":{"rendered":"<p>Unsere Interpretation eines Rauchbiers, wie es in der Gegend um Bamberg typisch ist. Kristallklar und mit etwas mehr Rests\u00fc\u00dfe eignet sich dieses Bier wunderbar als Begleiter zu herzhaften und w\u00fcrzigen Speisen wie S\u00fcdtiroler Speck oder Grauk\u00e4se.<\/p>\n","protected":false},"excerpt":{"rendered":"<p>Ger\u00e4ucherte Sfumieda 33cl<\/p>\n","protected":false},"featured_media":3102,"comment_status":"open","ping_status":"closed","template":"","meta":{"jetpack_post_was_ever_published":false,"jetpack_publicize_message":"","jetpack_publicize_feature_enabled":true,"jetpack_social_post_already_shared":true,"jetpack_social_options":{"image_generator_settings":{"template":"highway","default_image_id":0,"font":"","enabled":false},"version":2}},"product_brand":[],"product_cat":[56],"product_tag":[],"class_list":{"0":"post-3106","1":"product","2":"type-product","3":"status-publish","4":"has-post-thumbnail","6":"product_cat-bier","8":"first","9":"instock","10":"taxable","11":"shipping-taxable","12":"purchasable","13":"product-type-simple"},"jetpack_publicize_connections":[],"jetpack_sharing_enabled":true,"_links":{"self":[{"href":"https:\/\/www.eguia.beer\/de\/wp-json\/wp\/v2\/product\/3106","targetHints":{"allow":["GET"]}}],"collection":[{"href":"https:\/\/www.eguia.beer\/de\/wp-json\/wp\/v2\/product"}],"about":[{"href":"https:\/\/www.eguia.beer\/de\/wp-json\/wp\/v2\/types\/product"}],"replies":[{"embeddable":true,"href":"https:\/\/www.eguia.beer\/de\/wp-json\/wp\/v2\/comments?post=3106"}],"wp:featuredmedia":[{"embeddable":true,"href":"https:\/\/www.eguia.beer\/de\/wp-json\/wp\/v2\/media\/3102"}],"wp:attachment":[{"href":"https:\/\/www.eguia.beer\/de\/wp-json\/wp\/v2\/media?parent=3106"}],"wp:term":[{"taxonomy":"product_brand","embeddable":true,"href":"https:\/\/www.eguia.beer\/de\/wp-json\/wp\/v2\/product_brand?post=3106"},{"taxonomy":"product_cat","embeddable":true,"href":"https:\/\/www.eguia.beer\/de\/wp-json\/wp\/v2\/product_cat?post=3106"},{"taxonomy":"product_tag","embeddable":true,"href":"https:\/\/www.eguia.beer\/de\/wp-json\/wp\/v2\/product_tag?post=3106"}],"curies":[{"name":"wp","href":"https:\/\/api.w.org\/{rel}","templated":true}]}}