{"id":3121,"date":"2017-05-25T08:35:25","date_gmt":"2017-05-25T07:35:25","guid":{"rendered":"https:\/\/www.eguia.beer\/handwerkliches-brauen-in-den-dolomiten\/"},"modified":"2025-08-15T12:51:22","modified_gmt":"2025-08-15T11:51:22","slug":"handwerkliches-brauen-in-den-dolomiten","status":"publish","type":"page","link":"https:\/\/www.eguia.beer\/de\/","title":{"rendered":"Home"},"content":{"rendered":"<p><section data-bb-version=\"4.7.6\" id=\"bt_bb_section69ea994b5e895\" class=\"bt_bb_section bt_bb_color_scheme_1 bt_bb_layout_boxed_1200 bt_bb_vertical_align_top bt_bb_background_video_yt bt_bb_top_spacing_large bt_bb_bottom_spacing_large\" style=\"; --section-primary-color:#ffffff; --section-secondary-color:#191919;\" data-bt-override-class=\"{&quot;bt_bb_top_spacing_&quot;:{&quot;current_class&quot;:&quot;bt_bb_top_spacing_large&quot;,&quot;def&quot;:&quot;large&quot;},&quot;bt_bb_bottom_spacing_&quot;:{&quot;current_class&quot;:&quot;bt_bb_bottom_spacing_large&quot;,&quot;def&quot;:&quot;large&quot;}}\"><div class=\"bt_bb_background_video_yt_inner\"  data-property=\"{videoURL:'https:\/\/www.youtube.com\/watch?v=ytCyUUXKxFo',containment:'#bt_bb_section69ea994b5e895',showControls:false,showYTLogo:false,startAt:0,loop:true,mute:true,stopMovieOnBlur:false,opacity:1,useOnMobile:false,useNoCookie:false}\" ><\/div><div class=\"bt_bb_port\"><div class=\"bt_bb_cell\"><div class=\"bt_bb_cell_inner\"><div class=\"bt_bb_row \"  data-bt-override-class=\"{}\"><div class=\"bt_bb_row_holder\" ><div  class=\"bt_bb_column col-xxl-12 col-xl-12 bt_bb_vertical_align_top bt_bb_align_center bt_bb_padding_normal\" style=\"; --column-width:12;\" data-width=\"12\" data-bt-override-class=\"{}\"><div class=\"bt_bb_column_content\"><div class=\"bt_bb_column_content_inner\"><div class=\"bt_bb_separator bt_bb_border_style_none bt_bb_top_spacing_medium\" data-bt-override-class=\"null\"><\/div><div class=\"bt_bb_image bt_bb_shape_square bt_bb_target_self bt_bb_align_inherit bt_bb_hover_style_simple bt_bb_content_display_always\" data-bt-override-class=\"{}\"><span><img fetchpriority=\"high\" decoding=\"async\" width=\"530\" height=\"510\" src=\"https:\/\/www.eguia.beer\/wp-content\/uploads\/2024\/01\/Logo-neu-3.png\" class=\"attachment-full size-full\" alt=\"https:\/\/www.eguia.beer\/wp-content\/uploads\/2024\/01\/Logo-neu-3.png\" data-full_image_src=\"https:\/\/www.eguia.beer\/wp-content\/uploads\/2024\/01\/Logo-neu-3.png\" title=\"Logo-neu\" loading=\"eager\" srcset=\"https:\/\/www.eguia.beer\/wp-content\/uploads\/2024\/01\/Logo-neu-3.png 530w, https:\/\/www.eguia.beer\/wp-content\/uploads\/2024\/01\/Logo-neu-3-320x308.png 320w\" sizes=\"(max-width: 530px) 100vw, 530px\" \/><\/span><\/div><header class=\"bt_bb_headline bt_bb_dash_none bt_bb_size_large bt_bb_align_inherit\" style=\"margin-top: -4em;\" data-bt-override-class=\"{}\"><h1 class=\"bt_bb_headline_tag\"><span class=\"bt_bb_headline_content\"><span>Erhebe deinen Geschmack: Dolomites Crafted, Artisanal Excellence.<\/p><br \/>\n<p><\/span><\/span><\/h1><\/header><div class=\"bt_bb_separator bt_bb_border_style_none bt_bb_bottom_spacing_medium\" data-bt-override-class=\"null\"><\/div><div class=\"bt_bb_button bt_bb_color_scheme_4 bt_bb_icon_position_left bt_bb_style_outline bt_bb_size_large bt_bb_width_inline bt_bb_shape_inherit bt_bb_target_self bt_bb_align_inherit\" style=\"; --primary-color:#f28f16; --secondary-color:#ffffff;\" data-bt-override-class=\"{}\"><a href=\"\u00fcber-uns\" target=\"_self\" class=\"bt_bb_link\" title=\"MEHR ANSEHEN\"><span class=\"bt_bb_button_text\" >MEHR ANSEHEN<\/span><\/a><\/div><\/div><\/div><\/div><\/div><\/div><\/div><!-- cell_inner --><\/div><!-- cell --><\/div><!-- port --><\/section><section id=\"bt_bb_section69ea994b5fb4d\" class=\"bt_bb_section bt_bb_color_scheme_1 bt_bb_layout_boxed_1200 bt_bb_vertical_align_top bt_bb_top_spacing_large bt_bb_bottom_spacing_large\" style=\"; --section-primary-color:#ffffff; --section-secondary-color:#191919;\" data-bt-override-class=\"null\"><div class=\"bt_bb_port\"><div class=\"bt_bb_cell\"><div class=\"bt_bb_cell_inner\"><div class=\"bt_bb_row \"  data-bt-override-class=\"{}\"><div class=\"bt_bb_row_holder\" ><div  class=\"bt_bb_column col-xxl-3 col-xl-3 bt_bb_vertical_align_top bt_bb_align_center bt_bb_padding_normal\" style=\"; --column-width:3;\" data-width=\"3\" data-bt-override-class=\"{}\"><div class=\"bt_bb_column_content\"><div class=\"bt_bb_column_content_inner\"><\/div><\/div><\/div><div  class=\"bt_bb_column col-xxl-6 col-xl-6 bt_bb_vertical_align_top bt_bb_align_center bt_bb_padding_normal bt_bb_animation_fade_in animate\" style=\"; --column-width:6;\" data-width=\"6\" data-bt-override-class=\"{}\"><div class=\"bt_bb_column_content\"><div class=\"bt_bb_column_content_inner\"><header class=\"bt_bb_headline bt_bb_color_scheme_4 bt_bb_dash_none bt_bb_subheadline bt_bb_size_normal bt_bb_align_inherit\" style=\"; --primary-color:#f28f16; --secondary-color:#ffffff;\" data-bt-override-class=\"{}\"><h2 class=\"bt_bb_headline_tag\"><span class=\"bt_bb_headline_content\"><span>LASS UNS EINEN DRINK NEHMEN<\/span><\/span><\/h2><div class=\"bt_bb_headline_subheadline\">Brauen ist unser Leben, Bier ist unser Wasser, also verschwende keine Zeit damit, alles andere zu trinken.<\/div><\/header><div class=\"bt_bb_separator bt_bb_border_style_none bt_bb_top_spacing_medium\" data-bt-override-class=\"null\"><\/div><div data-bb-version=\"4.7.6\"  class=\"bt_bb_text\" ><\/p>\n<p>Willkommen in unserer handwerklichen Brauerei inmitten der atemberaubenden Dolomiten. Unsere Leidenschaft ist es, au\u00dfergew\u00f6hnliche Biere herzustellen, die den einzigartigen Charakter dieser majest\u00e4tischen Bergkette widerspiegeln.<\/p>\n<p>Unsere erfahrenen Braumeister verwenden nur die besten Zutaten, die nach M\u00f6glichkeit aus der Region stammen, und kombinieren traditionelle Brautechniken mit innovativen Geschmacksrichtungen, um eine Reihe von unverwechselbaren und unvergesslichen Gebr\u00e4uen zu kreieren.<\/p>\n<p>In unserer Brauerei legen wir gro\u00dfen Wert auf Nachhaltigkeit und bem\u00fchen uns, die Auswirkungen auf die Umwelt zu minimieren. Jeder Schritt unseres Brauprozesses wird sorgf\u00e4ltig durchdacht, von der Beschaffung der Zutaten bis zum Energieverbrauch w\u00e4hrend der Produktion.<\/p>\n<p>Tauche ein in die Sch\u00f6nheit der Dolomiten, w\u00e4hrend du unsere handgemachten Biere in unserem gem\u00fctlichen Verkostungsraum oder im Biergarten im Freien probierst. Genie\u00dfe den Panoramablick, w\u00e4hrend du die Geschmacksrichtungen und Aromen genie\u00dft, die sorgf\u00e4ltig entwickelt wurden, um die Essenz unserer Umgebung zu pr\u00e4sentieren.<\/p>\n<p>Egal, ob du ein Bierliebhaber bist oder einfach nur ein einzigartiges Erlebnis in den Dolomiten suchst, unsere handwerkliche Brauerei ist der perfekte Ort, um deine Sinne zu verw\u00f6hnen und die Kunst des Craft Beer zu sch\u00e4tzen. Komm mit uns und entdecke einen Vorgeschmack auf die Dolomiten!<\/p>\n<p>\n<\/div><\/div><\/div><\/div><div  class=\"bt_bb_column col-xxl-3 col-xl-3 bt_bb_vertical_align_top bt_bb_align_center bt_bb_padding_normal\" style=\"; --column-width:3;\" data-width=\"3\" data-bt-override-class=\"{}\"><div class=\"bt_bb_column_content\"><div class=\"bt_bb_column_content_inner\"><\/div><\/div><\/div><\/div><\/div><\/div><!-- cell_inner --><\/div><!-- cell --><\/div><!-- port --><\/section><section data-bb-version=\"5.4.3\" id=\"bt_bb_section69ea994b6041f\" class=\"bt_bb_section bt_bb_color_scheme_1 bt_bb_layout_boxed_1200 bt_bb_vertical_align_top bt_bb_top_spacing_large bt_bb_bottom_spacing_large\" style=\"; --section-primary-color:#ffffff; --section-secondary-color:#191919;\" data-bt-override-class=\"null\"><div class=\"bt_bb_background_image_holder_wrapper\"><div class=\"bt_bb_background_image_holder\"  data-parallax-zoom-start=\"1\" data-parallax-zoom-end=\"1\" data-parallax-blur-start=\"0\" data-parallax-blur-end=\"0\" data-parallax-opacity-start=\"1\" data-parallax-opacity-end=\"1\" style=\" background-image:url(&#039;https:\/\/www.eguia.beer\/wp-content\/uploads\/2017\/05\/hero_inner_beer_06.webp&#039;);\"><\/div><\/div><div class=\"bt_bb_port\"><div class=\"bt_bb_cell\"><div class=\"bt_bb_cell_inner\"><div class=\"bt_bb_row \"  data-bt-override-class=\"{}\"><div class=\"bt_bb_row_holder\" ><div  class=\"bt_bb_column col-xxl-3 col-xl-3 bt_bb_vertical_align_top bt_bb_align_left bt_bb_padding_normal\" style=\"; --column-width:3;\" data-width=\"3\" data-bt-override-class=\"{}\"><div class=\"bt_bb_column_content\"><div class=\"bt_bb_column_content_inner\"><\/div><\/div><\/div><div  class=\"bt_bb_column col-xxl-3 col-xl-3 bt_bb_vertical_align_middle bt_bb_align_right bt_bb_padding_normal bt_bb_animation_fade_in animate\" style=\"; --column-width:3;\" data-width=\"3\" data-bt-override-class=\"{}\"><div class=\"bt_bb_column_content\"><div class=\"bt_bb_column_content_inner\"><header data-bb-version=\"5.4.3\" class=\"bt_bb_headline bt_bb_subheadline_text_transform_default bt_bb_color_scheme_1 bt_bb_dash_none bt_bb_superheadline bt_bb_size_normal bt_bb_align_inherit\" style=\"; --primary-color:#ffffff; --secondary-color:#191919;\" data-bt-override-class=\"{&quot;bt_bb_size_&quot;:{&quot;current_class&quot;:&quot;bt_bb_size_normal&quot;,&quot;def&quot;:&quot;normal&quot;},&quot;bt_bb_align_&quot;:{&quot;current_class&quot;:&quot;bt_bb_align_inherit&quot;,&quot;def&quot;:&quot;inherit&quot;}}\"><h2 class=\"bt_bb_headline_tag\"><span class=\"bt_bb_headline_superheadline\">Passionierte Craft Beer Kreationen<\/span><span class=\"bt_bb_headline_content\"><span>Finde dein mythisches Bier<\/span><\/span><\/h2><\/header><div class=\"bt_bb_separator bt_bb_border_style_none bt_bb_top_spacing_medium\" data-bt-override-class=\"null\"><\/div><div class=\"bt_bb_button bt_bb_color_scheme_3 bt_bb_icon_position_left bt_bb_style_outline bt_bb_size_normal bt_bb_width_inline bt_bb_shape_inherit bt_bb_target_self bt_bb_align_inherit\" style=\"; --primary-color:#f28f16; --secondary-color:#191919;\" data-bt-override-class=\"{}\"><a href=\"https:\/\/eguia.beer\/shop\/\" target=\"_self\" class=\"bt_bb_link\" title=\"MEHR ANSEHEN\"><span class=\"bt_bb_button_text\" >MEHR ANSEHEN<\/span><\/a><\/div><div class=\"bt_bb_separator bt_bb_border_style_none bt_bb_bottom_spacing_medium\" data-bt-override-class=\"null\"><\/div><\/div><\/div><\/div><div  class=\"bt_bb_column col-xxl-3 col-xl-3 bt_bb_vertical_align_top bt_bb_align_left bt_bb_padding_double bt_bb_animation_fade_in animate\" style=\"; --column-width:3;\" data-width=\"3\" data-bt-override-class=\"{}\"><div class=\"bt_bb_column_content\"><div class=\"bt_bb_column_content_inner\"><\/div><\/div><\/div><div  class=\"bt_bb_column col-xxl-3 col-xl-3 bt_bb_vertical_align_top bt_bb_align_left bt_bb_padding_normal\" style=\"; --column-width:3;\" data-width=\"3\" data-bt-override-class=\"{}\"><div class=\"bt_bb_column_content\"><div class=\"bt_bb_column_content_inner\"><\/div><\/div><\/div><\/div><\/div><\/div><!-- cell_inner --><\/div><!-- cell --><\/div><!-- port --><\/section><\/p>\n","protected":false},"excerpt":{"rendered":"","protected":false},"author":2,"featured_media":0,"parent":0,"menu_order":0,"comment_status":"closed","ping_status":"closed","template":"","meta":{"jetpack_post_was_ever_published":false,"footnotes":""},"class_list":["post-3121","page","type-page","status-publish","hentry"],"jetpack_sharing_enabled":true,"_links":{"self":[{"href":"https:\/\/www.eguia.beer\/de\/wp-json\/wp\/v2\/pages\/3121","targetHints":{"allow":["GET"]}}],"collection":[{"href":"https:\/\/www.eguia.beer\/de\/wp-json\/wp\/v2\/pages"}],"about":[{"href":"https:\/\/www.eguia.beer\/de\/wp-json\/wp\/v2\/types\/page"}],"author":[{"embeddable":true,"href":"https:\/\/www.eguia.beer\/de\/wp-json\/wp\/v2\/users\/2"}],"replies":[{"embeddable":true,"href":"https:\/\/www.eguia.beer\/de\/wp-json\/wp\/v2\/comments?post=3121"}],"version-history":[{"count":5,"href":"https:\/\/www.eguia.beer\/de\/wp-json\/wp\/v2\/pages\/3121\/revisions"}],"predecessor-version":[{"id":4945,"href":"https:\/\/www.eguia.beer\/de\/wp-json\/wp\/v2\/pages\/3121\/revisions\/4945"}],"wp:attachment":[{"href":"https:\/\/www.eguia.beer\/de\/wp-json\/wp\/v2\/media?parent=3121"}],"curies":[{"name":"wp","href":"https:\/\/api.w.org\/{rel}","templated":true}]}}